{"id":552,"date":"2018-12-04T14:58:52","date_gmt":"2018-12-04T14:58:52","guid":{"rendered":"https:\/\/4torri.it\/?page_id=552"},"modified":"2025-10-13T11:29:33","modified_gmt":"2025-10-13T10:29:33","slug":"our-team","status":"publish","type":"page","link":"https:\/\/4torri.it\/?page_id=552","title":{"rendered":"Storia 4 Torri"},"content":{"rendered":"<h2>Galleria Storica<\/h2>\n<figure><img decoding=\"async\" src=\"https:\/\/4torri.it\/wp-content\/uploads\/2021\/05\/1-1.jpg\" alt=\"1 (1)\" \/><\/figure>\n<figure><img decoding=\"async\" src=\"https:\/\/4torri.it\/wp-content\/uploads\/2021\/05\/1-2.jpg\" alt=\"1 (2)\" \/><\/figure>\n<figure><img decoding=\"async\" src=\"https:\/\/4torri.it\/wp-content\/uploads\/2021\/05\/1-3.jpg\" alt=\"1 (3)\" \/><\/figure>\n<figure><img decoding=\"async\" src=\"https:\/\/4torri.it\/wp-content\/uploads\/2021\/05\/1-4.jpg\" alt=\"1 (4)\" \/><\/figure>\n<figure><img decoding=\"async\" src=\"https:\/\/4torri.it\/wp-content\/uploads\/2021\/05\/1-5.jpg\" alt=\"1 (5)\" \/><\/figure>\n<figure><img decoding=\"async\" src=\"https:\/\/4torri.it\/wp-content\/uploads\/2021\/05\/1-6.jpg\" alt=\"1 (6)\" \/><\/figure>\n<figure><img decoding=\"async\" src=\"https:\/\/4torri.it\/wp-content\/uploads\/2021\/05\/1-7.jpg\" alt=\"1 (7)\" \/><\/figure>\n<figure><img decoding=\"async\" src=\"https:\/\/4torri.it\/wp-content\/uploads\/2021\/05\/1-8.jpg\" alt=\"1 (8)\" \/><\/figure>\n<figure><img decoding=\"async\" src=\"https:\/\/4torri.it\/wp-content\/uploads\/2021\/05\/1-9.jpg\" alt=\"1 (9)\" \/><\/figure>\n<figure><img decoding=\"async\" src=\"https:\/\/4torri.it\/wp-content\/uploads\/2021\/05\/1-10.jpg\" alt=\"1 (10)\" \/><\/figure>\n<figure><img decoding=\"async\" src=\"https:\/\/4torri.it\/wp-content\/uploads\/2021\/05\/1-11.jpg\" alt=\"1 (11)\" \/><\/figure>\n<figure><img decoding=\"async\" src=\"https:\/\/4torri.it\/wp-content\/uploads\/2021\/05\/1-12.jpg\" alt=\"1 (12)\" \/><\/figure>\n<figure><img decoding=\"async\" src=\"https:\/\/4torri.it\/wp-content\/uploads\/2021\/05\/1-13.jpg\" alt=\"1 (13)\" \/><\/figure>\n<figure><img decoding=\"async\" src=\"https:\/\/4torri.it\/wp-content\/uploads\/2021\/05\/1-14.jpg\" alt=\"1 (14)\" \/><\/figure>\n<figure><img decoding=\"async\" src=\"https:\/\/4torri.it\/wp-content\/uploads\/2021\/05\/1-15.jpg\" alt=\"1 (15)\" \/><\/figure>\n<figure><img decoding=\"async\" src=\"https:\/\/4torri.it\/wp-content\/uploads\/2021\/05\/1-16.jpg\" alt=\"1 (16)\" \/><\/figure>\n<figure><img decoding=\"async\" src=\"https:\/\/4torri.it\/wp-content\/uploads\/2021\/05\/1-17.jpg\" alt=\"1 (17)\" \/><\/figure>\n<figure><img decoding=\"async\" src=\"https:\/\/4torri.it\/wp-content\/uploads\/2021\/05\/1-18.jpg\" alt=\"1 (18)\" \/><\/figure>\n<figure><img decoding=\"async\" src=\"https:\/\/4torri.it\/wp-content\/uploads\/2021\/05\/1-19.jpg\" alt=\"1 (19)\" \/><\/figure>\n<figure><img decoding=\"async\" src=\"https:\/\/4torri.it\/wp-content\/uploads\/2021\/05\/1-20.jpg\" alt=\"1 (20)\" \/><\/figure>\n<figure><img decoding=\"async\" src=\"https:\/\/4torri.it\/wp-content\/uploads\/2021\/05\/1-21.jpg\" alt=\"1 (21)\" \/><\/figure>\n<figure><img decoding=\"async\" src=\"https:\/\/4torri.it\/wp-content\/uploads\/2021\/05\/1-22.jpg\" alt=\"1 (22)\" \/><\/figure>\n<figure><img decoding=\"async\" src=\"https:\/\/4torri.it\/wp-content\/uploads\/2021\/05\/1-23.jpg\" alt=\"1 (23)\" \/><\/figure>\n<figure><img decoding=\"async\" src=\"https:\/\/4torri.it\/wp-content\/uploads\/2021\/05\/1-24.jpg\" alt=\"1 (24)\" \/><\/figure>\n<figure><img decoding=\"async\" src=\"https:\/\/4torri.it\/wp-content\/uploads\/2021\/05\/1-25.jpg\" alt=\"1 (25)\" \/><\/figure>\n<figure><img decoding=\"async\" src=\"https:\/\/4torri.it\/wp-content\/uploads\/2021\/05\/1-26.jpg\" alt=\"1 (26)\" \/><\/figure>\n<figure><img decoding=\"async\" src=\"https:\/\/4torri.it\/wp-content\/uploads\/2021\/05\/1-27.jpg\" alt=\"1 (27)\" \/><\/figure>\n<figure><img decoding=\"async\" src=\"https:\/\/4torri.it\/wp-content\/uploads\/2021\/05\/1-28.jpg\" alt=\"1 (28)\" \/><\/figure>\n<figure><img decoding=\"async\" src=\"https:\/\/4torri.it\/wp-content\/uploads\/2021\/05\/1-29.jpg\" alt=\"1 (29)\" \/><\/figure>\n<figure><img decoding=\"async\" src=\"https:\/\/4torri.it\/wp-content\/uploads\/2021\/05\/1-30.jpg\" alt=\"1 (30)\" \/><\/figure>\n<figure><img decoding=\"async\" src=\"https:\/\/4torri.it\/wp-content\/uploads\/2021\/05\/1-31.jpg\" alt=\"1 (31)\" \/><\/figure>\n<figure><img decoding=\"async\" src=\"https:\/\/4torri.it\/wp-content\/uploads\/2021\/05\/1-32.jpg\" alt=\"1 (32)\" \/><\/figure>\n<figure><img decoding=\"async\" src=\"https:\/\/4torri.it\/wp-content\/uploads\/2021\/05\/1-33.jpg\" alt=\"1 (33)\" \/><\/figure>\n<figure><img decoding=\"async\" src=\"https:\/\/4torri.it\/wp-content\/uploads\/2021\/05\/1-34.jpg\" alt=\"1 (34)\" \/><\/figure>\n<figure><img decoding=\"async\" src=\"https:\/\/4torri.it\/wp-content\/uploads\/2021\/05\/1-35.jpg\" alt=\"1 (35)\" \/><\/figure>\n<figure><img decoding=\"async\" src=\"https:\/\/4torri.it\/wp-content\/uploads\/2021\/05\/1-36.jpg\" alt=\"1 (36)\" \/><\/figure>\n<figure><img decoding=\"async\" src=\"https:\/\/4torri.it\/wp-content\/uploads\/2021\/05\/1-37.jpg\" alt=\"1 (37)\" \/><\/figure>\n<figure><img decoding=\"async\" src=\"https:\/\/4torri.it\/wp-content\/uploads\/2021\/05\/1-38.jpg\" alt=\"1 (38)\" \/><\/figure>\n<figure><img decoding=\"async\" src=\"https:\/\/4torri.it\/wp-content\/uploads\/2021\/05\/1-39.jpg\" alt=\"1 (39)\" \/><\/figure>\n<figure><img decoding=\"async\" src=\"https:\/\/4torri.it\/wp-content\/uploads\/2021\/05\/1-40.jpg\" alt=\"1 (40)\" \/><\/figure>\n<figure><img decoding=\"async\" src=\"https:\/\/4torri.it\/wp-content\/uploads\/2022\/09\/C-Gold-20-21.jpg\" alt=\"C Gold 20-21\" \/><\/figure>\n<figure><img decoding=\"async\" src=\"https:\/\/4torri.it\/wp-content\/uploads\/2022\/09\/C-Silver-21-22.jpg\" alt=\"C Silver 21-22\" \/><\/figure>\n<figure><img decoding=\"async\" src=\"https:\/\/4torri.it\/wp-content\/uploads\/2023\/05\/2022-2023_C-Silver-1024x682.jpg\" alt=\"2022-2023_C Silver\" \/><\/figure>\n<figure><img decoding=\"async\" src=\"https:\/\/4torri.it\/wp-content\/uploads\/2024\/06\/DR1-2324.jpg\" alt=\"DR1-2324\" \/><\/figure>\n<figure><img decoding=\"async\" src=\"https:\/\/4torri.it\/wp-content\/uploads\/2025\/06\/2024-2025-dr1.jpg\" alt=\"2024-2025-dr1\" \/><\/figure>\n<h2>1948: nasce la Pallacanestro 4 Torri<\/h2>\n<p>Ferrara, dopoguerra. Una citt\u00e0 che usciva distrutta dagli avvenimenti dei vent\u2019anni precedenti, dal fascismo alle tragedie del secondo conflitto mondiale, aveva bisogno di ricostruzione e ripartenza, che passavano anche attraverso i valori trasmessi dallo sport e dall\u2019aggregazione della giovent\u00f9 ferrarese. Fu cos\u00ec che, nel 1947, il gesuita padre Giandomenico Maddalena, insieme a un gruppo di giovani, fond\u00f2 il circolo giovanile 4 Torri, con sede in piazza Sacrati, nel centro di Ferrara: in un piccolo cortile si avvi\u00f2 l\u2019attivit\u00e0 sportiva che richiam\u00f2 numerosi ragazzi ferraresi, che, dopo l\u2019inattivit\u00e0 dovuta alla guerra, potevano praticare pallavolo, pallacanestro e tennis da tavolo. La vera e propria attivit\u00e0 cestistica si fa risalire al 1948, un anno dopo la fondazione della societ\u00e0 da parte di padre Maddalena, anche se dall\u2019anno precedente la pallacanestro si stava gi\u00e0 diffondendo grazie alla 4 Torri in tutta la provincia di Ferrara, con l\u2019obiettivo primario della diffusione del basket tra i giovani.<\/p>\n<p>In seguito, nel 1950, il circolo si trasfer\u00ec in via Boccacanale di Santo Stefano, a Casa Cini, appena donata dal conte Vittorio Cini alla Provincia Romana della Compagnia di Ges\u00f9, mosso da un profondo sentimento religioso, dopo che fu deportato a Dachau durante la guerra e dopo che suo figlio Giorgio mor\u00ec in un incidente aereo nel 1949.<\/p>\n<p><img decoding=\"async\" src=\"https:\/\/4torri.it\/wp-content\/uploads\/2021\/03\/3-372x1024.jpg\" alt=\"\" width=\"127\" height=\"350\" \/><\/p>\n<p>Oltre all\u2019attivit\u00e0 religiosa portata avanti dai Gesuiti, Casa Cini offriva ai ragazzi che la frequentavano, soprattutto di buona famiglia, anche una biblioteca, voluta dallo stesso padre Maddalena: come recita una targa presente nel palazzo, la Casa \u00e8 \u00abdedicata alla cultura e alla giovent\u00f9 ferrarese\u00bb. Parallelamente correva l\u2019attivit\u00e0 sportiva, che andava intensificandosi anno dopo anno, e in particolar modo quella cestistica, grazie all\u2019arrivo nel 1957 di padre John Caneparo, londinese, che con il suo operato diede un notevole impulso al basket ferrarese e a quei valori che oggi sono un caposaldo della societ\u00e0 4 Torri. La polisportiva divenne cos\u00ec, in poco tempo, una delle pi\u00f9 solide dell\u2019intera provincia ferrarese: i ragazzi praticavano la pallacanestro, la pallavolo e il tennis da tavolo.<\/p>\n<p>In un tale contesto di crescita sportiva, padre Caneparo, per tentare di innalzare il livello della pallacanestro 4 Torri, inizi\u00f2 a chiamare ragazzi pi\u00f9 giovani anche da altre squadre, fatto che per\u00f2 contrastava con la volont\u00e0 degli atleti pi\u00f9 anziani, che volevano continuare a giocare. Nella stagione 1958-1959 la 4 Torri presentava cos\u00ec due squadre di pallacanestro nel campionato di Prima Divisione ferrarese: una pi\u00f9 quotata 4 Torri A, tra le cui fila militavano i pi\u00f9 \u201cvecchi\u201d come Sergio Cavallari, atleta polisportivo, e Domiziano Mezzadri, e una 4 Torri B. Inoltre i granata disputavano anche i campionati giovanili juniores e allievi. I risultati\u00a0non tardarono ad arrivare, e la 4 Torri A, pi\u00f9 tecnica e vivace rispetto alle avversarie, riusc\u00ec a centrare il salto di categoria in Promozione regionale nella stagione 1960-1961 da imbattuta, grazie a Sergio Cavallari, Giancarlo Magnoni e Adolfo Sebastiani.<\/p>\n<p><strong>Gli anni Sessanta: la Serie B e il palcoscenico nazionale<\/strong><\/p>\n<p>La solida organizzazione societaria non tard\u00f2 a dare i primi importanti risultati con l\u2019inizio degli anni Sessanta. Mentre nel 1961 la polisportiva si estendeva con attivit\u00e0 dedicate ad atletica leggera, sci e ciclismo, nel basket i giovani della squadra Juniores conquistavano il primo alloro regionale; la prima squadra, impegnata nel campionato di Promozione regionale, affrontava nel girone B le quotate SEF Virtus Bologna (\u201cconsorella\u201d della Virtus di Serie A), Libertas Rimini, Arvedo Bastia Bologna e Cuccioli Fulgor Forl\u00ec, oltre alle altre ferraresi Giovent\u00f9 Italiana e San Benedetto. Una seconda squadra, invece, continuava a disputare la Prima Divisione.<\/p>\n<p>L\u2019annata seguente, 1961-1962, rappresent\u00f2 una stagione fondamentale per i granata della Pallacanestro 4 Torri. La squadra, capitanata da Sergio Cavallari, giunse infatti a un\u2019incredibile finale di stagione. Dopo essersi imposta nel campionato di Promozione regionale, la 4 Torri approd\u00f2 allo spareggio per la promozione contro la bolognese Arvedo Bastia. Sebbene la notizia fosse arrivata con un preavviso di solo otto giorni prima della gara, disputata nell\u2019ottobre del 1962, ci\u00f2 non imped\u00ec che per questo importantissimo match, che si sarebbe disputato a Reggio Emilia, si aggregassero alla 4 Torri alcuni giocatori dalle altre squadre ferraresi San Benedetto e Giovent\u00f9 Italiana, nonostante la grande rivalit\u00e0 sportiva di quegli anni. I granata, trascinati da Alberto Villani, si imposero sui bolognesi per 48 a 43, aggiudicandosi cos\u00ec lo spareggio e approdando alla Serie B, il terzo campionato nazionale, organizzato in gironi interregionali. Fu una promozione storica per la 4 Torri, che in poco tempo dalla Prima Divisione era arrivata sul palcoscenico nazionale.<\/p>\n<p><img fetchpriority=\"high\" decoding=\"async\" src=\"https:\/\/4torri.it\/wp-content\/uploads\/2021\/05\/Foto-2-Mezzadri-parla-alla-squadra-19625540-300x216.jpg\" alt=\"\" width=\"300\" height=\"216\" \/><\/p>\n<p>La squadra della Serie B allenata da Domiziano Mezzadri tra le sue fila annoverava, oltre ai veterani, anche giocatori che avevano vinto il campionato juniores nel 1961: Sergio Cavallari, Adolfo Sebastiani, Paolo Pupillo, Alberto Villani, Marzio Poltronieri, Paolo Longhini, Andrea Mariotti, Rodolfo Mariotti, Giancarlo Magnoni (capitano), Pino Antonione, Luigi Vezzani. Da matricola terribile i granata in breve tempo diventarono una solida certezza della categoria. Era una squadra che aveva intessuto stabili e duraturi legami di amicizia che si riflettevano sul campo: si tolse la soddisfazione di vincere la gara prima del Natale 1962 sul difficilissimo campo dell\u2019Atlas Bologna, affrontando ogni difficolt\u00e0, come la vittoria sul campo all\u2019aperto in casa della Valtarese, scivoloso per la pioggia caduta in precedenza.<\/p>\n<p>La stagione seguente 1963-1964 vide l\u2019arrivo in granata di giocatori importanti a rinforzo della rosa: Maurizio Poltronieri, Fabrizio Frabetti, Roberto Vedovato e Rodolfo Perini, che militava nelle fila di San Benedetto, ma che sarebbe diventato uno dei giocatori pi\u00f9 importanti della 4 Torri, per poi ritornare negli anni Settanta nel ruolo di allenatore. In seguito, con l\u2019annata 1964-1965, si chiudeva l\u2019esperienza della Pallacanestro 4 Torri in Serie B. Furono tre anni pi\u00f9 che positivi per i ragazzi di Casa Cini, che avevano sempre veleggiato nelle zone di alta classifica.<\/p>\n<p>Le cose cambiarono nella stagione 1965-1966. Con il nuovo ordinamento dei campionati voluto dalla presidenza alla Federcanestro di Claudio Coccia, la 4 Torri si ritrov\u00f2 nella Serie C nazionale, un torneo pi\u00f9 difficile, pi\u00f9 tecnico e anche pi\u00f9 dispendioso economicamente rispetto alla precedente Serie B. La squadra, affidata alle mani di Giancarlo Magnoni (allenatore e giocatore), si preparava a due anni molto insidiosi. Per affrontare questa nuova esperienza, furono affiancati ai veterani i giovani Patrizio Zanotti, Carlo Melchiorri, Francesco Marchetti. Se nella prima stagione di Serie C la 4 Torri riusc\u00ec a salvarsi, confortandosi anche con la vittoria del titolo regionale assoluto Juniores, nel 1966-1967 le poche vittorie all\u2019attivo condannarono i granata alla retrocessione in Serie D nazionale.<\/p>\n<p>La stagione 1967-1968 doveva avere il sapore del riscatto per la 4 Torri. Per centrare l\u2019obiettivo promozione e ritornare subito in Serie C, si aggregarono ai ragazzi allenati da Magnoni e Tumiati alcuni giocatori dalla societ\u00e0 ferrarese La Salle: Patroncini, Rossi, Mariotti, Brancaleoni e Taddia, mentre come preparatori furono ingaggiati il prof. Lenzi, che si trovava nel giro della Nazionale di mezzo fondo, e il prof. De Sisti, che fu preparatore anche del Milan. La stagione fu esaltante, ma la 4 Torri, trascinata dai punti di Zanotti e dall\u2019esperienza di Sebastiani, si classific\u00f2 terza a soli due punti dalle prime appaiate in cima alla classifica, arrendendosi cos\u00ec a un\u2019altra stagione in Serie D, che vide i ragazzi di Magnoni nuovamente terzi in classifica. La situazione, per\u00f2, era profondamente mutata. Come si legge sui giornali di quel periodo, la dirigenza di Casa Cini era alla ricerca di un \u00ababbinamento\u00bb che potesse garantire di sostenere le spese di un campionato nazionale; ma, nelle difficolt\u00e0, la 4 Torri fu costretta ad abbandonare la scena, e molti giocatori passarono alla Zuccheri Bologna. La societ\u00e0 di Casa Cini, infatti, fino a quel momento non aveva mai avuto uno sponsor, e per affrontare le spese di campionati importanti e impegnative trasferte si serviva dei soldi che Padre John Caneparo riusciva a procurarsi, di quelli messi a disposizione dai giocatori pi\u00f9 anziani che gi\u00e0 lavoravano e degli incassi dei biglietti delle partite casalinghe.<\/p>\n<p>La societ\u00e0 granata, alla fine di un decennio estremamente esaltante e oltre le aspettative, ritorn\u00f2 a focalizzarsi sul primigenio obiettivo che si era data nel momento della sua fondazione, vale a dire la diffusione dello sport tra i giovani ferraresi, ben conscia, per\u00f2, di aver forgiato una generazione di ragazzi che, dopo aver militato nelle fila della prima squadra, hanno calcato la strada del successo personale, perch\u00e9 mai era venuto meno il binomio tra sport e cultura, una delle prerogative fondamentali di Casa Cini. Infatti, gi\u00e0 alla fine dell\u2019ottobre 1970, la 4 Torri ufficializzava una collaborazione tecnica con la Petrarca Gerona di Padova, affidando il settore giovanile granata all\u2019allenatore del Petrarca e della nazionale cecoslovacca Mrazek. La prima squadra, ormai smembrata, ripartiva con Gianni Tumiati in panchina e dei giocatori che arrivavano da altre citt\u00e0. Nel frattempo si proseguiva con la ricerca dei fondi per affrontare il campionato di serie D, ma il tentativo risult\u00f2 vano. L\u201911 novembre del 1970 il quotidiano \u00abIl Resto del Carlino\u00bb scriveva <em>La 4Torri abbandona<\/em>. Le scarse disponibilit\u00e0 economiche e la partenza di molti giocatori costrinsero i dirigenti, dopo l\u2019iscrizione alla Serie D, a ritirare la squadra per non affrontare un campionato nazionale con i giocatori delle giovanili, sui quali, dunque, si focalizzava un progetto di ripartenza affidato all\u2019ex nazionale cecoslovacco Mrazek.<\/p>\n<h4><strong>&#8230;la storia continua&#8230;<\/strong><\/h4>\n","protected":false},"excerpt":{"rendered":"<p>Galleria Storica 1948: nasce la Pallacanestro 4 Torri Ferrara, dopoguerra. Una citt\u00e0 che usciva distrutta dagli avvenimenti dei vent\u2019anni precedenti, dal fascismo alle tragedie del secondo conflitto mondiale, aveva bisogno [&hellip;]<\/p>\n","protected":false},"author":1,"featured_media":0,"parent":0,"menu_order":0,"comment_status":"closed","ping_status":"closed","template":"wp-custom-template-storia","meta":{"_EventAllDay":false,"_EventTimezone":"","_EventStartDate":"","_EventEndDate":"","_EventStartDateUTC":"","_EventEndDateUTC":"","_EventShowMap":false,"_EventShowMapLink":false,"_EventURL":"","_EventCost":"","_EventCostDescription":"","_EventCurrencySymbol":"","_EventCurrencyCode":"","_EventCurrencyPosition":"","_EventDateTimeSeparator":"","_EventTimeRangeSeparator":"","_EventOrganizerID":[],"_EventVenueID":[],"_OrganizerEmail":"","_OrganizerPhone":"","_OrganizerWebsite":"","_VenueAddress":"","_VenueCity":"","_VenueCountry":"","_VenueProvince":"","_VenueState":"","_VenueZip":"","_VenuePhone":"","_VenueURL":"","_VenueStateProvince":"","_VenueLat":"","_VenueLng":"","_VenueShowMap":false,"_VenueShowMapLink":false,"footnotes":""},"class_list":["post-552","page","type-page","status-publish","hentry"],"yoast_head":"<!-- This site is optimized with the Yoast SEO plugin v26.1.1 - https:\/\/yoast.com\/wordpress\/plugins\/seo\/ -->\n<title>Storia 4 Torri - 4 Torri<\/title>\n<meta name=\"robots\" content=\"index, follow, max-snippet:-1, max-image-preview:large, max-video-preview:-1\" \/>\n<link rel=\"canonical\" href=\"https:\/\/4torri.it\/?page_id=552\" \/>\n<meta property=\"og:locale\" content=\"it_IT\" \/>\n<meta property=\"og:type\" content=\"article\" \/>\n<meta property=\"og:title\" content=\"Storia 4 Torri - 4 Torri\" \/>\n<meta property=\"og:description\" content=\"Galleria Storica 1948: nasce la Pallacanestro 4 Torri Ferrara, dopoguerra. Una citt\u00e0 che usciva distrutta dagli avvenimenti dei vent\u2019anni precedenti, dal fascismo alle tragedie del secondo conflitto mondiale, aveva bisogno [&hellip;]\" \/>\n<meta property=\"og:url\" content=\"https:\/\/4torri.it\/?page_id=552\" \/>\n<meta property=\"og:site_name\" content=\"4 Torri\" \/>\n<meta property=\"article:publisher\" content=\"https:\/\/www.facebook.com\/4torriferrara\/\" \/>\n<meta property=\"article:modified_time\" content=\"2025-10-13T10:29:33+00:00\" \/>\n<meta property=\"og:image\" content=\"https:\/\/4torri.it\/wp-content\/uploads\/2021\/05\/1-1.jpg\" \/>\n<meta name=\"twitter:card\" content=\"summary_large_image\" \/>\n<meta name=\"twitter:label1\" content=\"Tempo di lettura stimato\" \/>\n\t<meta name=\"twitter:data1\" content=\"18 minuti\" \/>\n<script type=\"application\/ld+json\" class=\"yoast-schema-graph\">{\"@context\":\"https:\/\/schema.org\",\"@graph\":[{\"@type\":\"WebPage\",\"@id\":\"https:\/\/4torri.it\/?page_id=552\",\"url\":\"https:\/\/4torri.it\/?page_id=552\",\"name\":\"Storia 4 Torri - 4 Torri\",\"isPartOf\":{\"@id\":\"https:\/\/4torri.it\/#website\"},\"primaryImageOfPage\":{\"@id\":\"https:\/\/4torri.it\/?page_id=552#primaryimage\"},\"image\":{\"@id\":\"https:\/\/4torri.it\/?page_id=552#primaryimage\"},\"thumbnailUrl\":\"https:\/\/4torri.it\/wp-content\/uploads\/2021\/05\/1-1.jpg\",\"datePublished\":\"2018-12-04T14:58:52+00:00\",\"dateModified\":\"2025-10-13T10:29:33+00:00\",\"breadcrumb\":{\"@id\":\"https:\/\/4torri.it\/?page_id=552#breadcrumb\"},\"inLanguage\":\"it-IT\",\"potentialAction\":[{\"@type\":\"ReadAction\",\"target\":[\"https:\/\/4torri.it\/?page_id=552\"]}]},{\"@type\":\"ImageObject\",\"inLanguage\":\"it-IT\",\"@id\":\"https:\/\/4torri.it\/?page_id=552#primaryimage\",\"url\":\"https:\/\/4torri.it\/wp-content\/uploads\/2021\/05\/1-1.jpg\",\"contentUrl\":\"https:\/\/4torri.it\/wp-content\/uploads\/2021\/05\/1-1.jpg\",\"width\":887,\"height\":591},{\"@type\":\"BreadcrumbList\",\"@id\":\"https:\/\/4torri.it\/?page_id=552#breadcrumb\",\"itemListElement\":[{\"@type\":\"ListItem\",\"position\":1,\"name\":\"Home\",\"item\":\"https:\/\/4torri.it\/\"},{\"@type\":\"ListItem\",\"position\":2,\"name\":\"Storia 4 Torri\"}]},{\"@type\":\"WebSite\",\"@id\":\"https:\/\/4torri.it\/#website\",\"url\":\"https:\/\/4torri.it\/\",\"name\":\"4 Torri\",\"description\":\"TesTa Tra le nuvole e piedi per Terra\",\"publisher\":{\"@id\":\"https:\/\/4torri.it\/#organization\"},\"potentialAction\":[{\"@type\":\"SearchAction\",\"target\":{\"@type\":\"EntryPoint\",\"urlTemplate\":\"https:\/\/4torri.it\/?s={search_term_string}\"},\"query-input\":{\"@type\":\"PropertyValueSpecification\",\"valueRequired\":true,\"valueName\":\"search_term_string\"}}],\"inLanguage\":\"it-IT\"},{\"@type\":\"Organization\",\"@id\":\"https:\/\/4torri.it\/#organization\",\"name\":\"U.S.DIL PALLACANESTRO 4 TORRI FERRARA\",\"url\":\"https:\/\/4torri.it\/\",\"logo\":{\"@type\":\"ImageObject\",\"inLanguage\":\"it-IT\",\"@id\":\"https:\/\/4torri.it\/#\/schema\/logo\/image\/\",\"url\":\"https:\/\/4torri.it\/wp-content\/uploads\/2021\/02\/cropped-logo_4_torri_512px_square-1.png\",\"contentUrl\":\"https:\/\/4torri.it\/wp-content\/uploads\/2021\/02\/cropped-logo_4_torri_512px_square-1.png\",\"width\":512,\"height\":512,\"caption\":\"U.S.DIL PALLACANESTRO 4 TORRI FERRARA\"},\"image\":{\"@id\":\"https:\/\/4torri.it\/#\/schema\/logo\/image\/\"},\"sameAs\":[\"https:\/\/www.facebook.com\/4torriferrara\/\",\"https:\/\/www.instagram.com\/4torribasketferrara\/\"]}]}<\/script>\n<!-- \/ Yoast SEO plugin. -->","yoast_head_json":{"title":"Storia 4 Torri - 4 Torri","robots":{"index":"index","follow":"follow","max-snippet":"max-snippet:-1","max-image-preview":"max-image-preview:large","max-video-preview":"max-video-preview:-1"},"canonical":"https:\/\/4torri.it\/?page_id=552","og_locale":"it_IT","og_type":"article","og_title":"Storia 4 Torri - 4 Torri","og_description":"Galleria Storica 1948: nasce la Pallacanestro 4 Torri Ferrara, dopoguerra. Una citt\u00e0 che usciva distrutta dagli avvenimenti dei vent\u2019anni precedenti, dal fascismo alle tragedie del secondo conflitto mondiale, aveva bisogno [&hellip;]","og_url":"https:\/\/4torri.it\/?page_id=552","og_site_name":"4 Torri","article_publisher":"https:\/\/www.facebook.com\/4torriferrara\/","article_modified_time":"2025-10-13T10:29:33+00:00","og_image":[{"url":"https:\/\/4torri.it\/wp-content\/uploads\/2021\/05\/1-1.jpg","type":"","width":"","height":""}],"twitter_card":"summary_large_image","twitter_misc":{"Tempo di lettura stimato":"18 minuti"},"schema":{"@context":"https:\/\/schema.org","@graph":[{"@type":"WebPage","@id":"https:\/\/4torri.it\/?page_id=552","url":"https:\/\/4torri.it\/?page_id=552","name":"Storia 4 Torri - 4 Torri","isPartOf":{"@id":"https:\/\/4torri.it\/#website"},"primaryImageOfPage":{"@id":"https:\/\/4torri.it\/?page_id=552#primaryimage"},"image":{"@id":"https:\/\/4torri.it\/?page_id=552#primaryimage"},"thumbnailUrl":"https:\/\/4torri.it\/wp-content\/uploads\/2021\/05\/1-1.jpg","datePublished":"2018-12-04T14:58:52+00:00","dateModified":"2025-10-13T10:29:33+00:00","breadcrumb":{"@id":"https:\/\/4torri.it\/?page_id=552#breadcrumb"},"inLanguage":"it-IT","potentialAction":[{"@type":"ReadAction","target":["https:\/\/4torri.it\/?page_id=552"]}]},{"@type":"ImageObject","inLanguage":"it-IT","@id":"https:\/\/4torri.it\/?page_id=552#primaryimage","url":"https:\/\/4torri.it\/wp-content\/uploads\/2021\/05\/1-1.jpg","contentUrl":"https:\/\/4torri.it\/wp-content\/uploads\/2021\/05\/1-1.jpg","width":887,"height":591},{"@type":"BreadcrumbList","@id":"https:\/\/4torri.it\/?page_id=552#breadcrumb","itemListElement":[{"@type":"ListItem","position":1,"name":"Home","item":"https:\/\/4torri.it\/"},{"@type":"ListItem","position":2,"name":"Storia 4 Torri"}]},{"@type":"WebSite","@id":"https:\/\/4torri.it\/#website","url":"https:\/\/4torri.it\/","name":"4 Torri","description":"TesTa Tra le nuvole e piedi per Terra","publisher":{"@id":"https:\/\/4torri.it\/#organization"},"potentialAction":[{"@type":"SearchAction","target":{"@type":"EntryPoint","urlTemplate":"https:\/\/4torri.it\/?s={search_term_string}"},"query-input":{"@type":"PropertyValueSpecification","valueRequired":true,"valueName":"search_term_string"}}],"inLanguage":"it-IT"},{"@type":"Organization","@id":"https:\/\/4torri.it\/#organization","name":"U.S.DIL PALLACANESTRO 4 TORRI FERRARA","url":"https:\/\/4torri.it\/","logo":{"@type":"ImageObject","inLanguage":"it-IT","@id":"https:\/\/4torri.it\/#\/schema\/logo\/image\/","url":"https:\/\/4torri.it\/wp-content\/uploads\/2021\/02\/cropped-logo_4_torri_512px_square-1.png","contentUrl":"https:\/\/4torri.it\/wp-content\/uploads\/2021\/02\/cropped-logo_4_torri_512px_square-1.png","width":512,"height":512,"caption":"U.S.DIL PALLACANESTRO 4 TORRI FERRARA"},"image":{"@id":"https:\/\/4torri.it\/#\/schema\/logo\/image\/"},"sameAs":["https:\/\/www.facebook.com\/4torriferrara\/","https:\/\/www.instagram.com\/4torribasketferrara\/"]}]}},"_links":{"self":[{"href":"https:\/\/4torri.it\/index.php?rest_route=\/wp\/v2\/pages\/552","targetHints":{"allow":["GET"]}}],"collection":[{"href":"https:\/\/4torri.it\/index.php?rest_route=\/wp\/v2\/pages"}],"about":[{"href":"https:\/\/4torri.it\/index.php?rest_route=\/wp\/v2\/types\/page"}],"author":[{"embeddable":true,"href":"https:\/\/4torri.it\/index.php?rest_route=\/wp\/v2\/users\/1"}],"replies":[{"embeddable":true,"href":"https:\/\/4torri.it\/index.php?rest_route=%2Fwp%2Fv2%2Fcomments&post=552"}],"version-history":[{"count":252,"href":"https:\/\/4torri.it\/index.php?rest_route=\/wp\/v2\/pages\/552\/revisions"}],"predecessor-version":[{"id":17770,"href":"https:\/\/4torri.it\/index.php?rest_route=\/wp\/v2\/pages\/552\/revisions\/17770"}],"wp:attachment":[{"href":"https:\/\/4torri.it\/index.php?rest_route=%2Fwp%2Fv2%2Fmedia&parent=552"}],"curies":[{"name":"wp","href":"https:\/\/api.w.org\/{rel}","templated":true}]}}